{"id":6052,"date":"2022-12-28T14:16:23","date_gmt":"2022-12-28T11:16:23","guid":{"rendered":"https:\/\/arkmilos.com\/?page_id=6052"},"modified":"2023-04-04T13:04:15","modified_gmt":"2023-04-04T10:04:15","slug":"about-milos","status":"publish","type":"page","link":"https:\/\/arkmilos.com\/fr\/about-milos\/","title":{"rendered":"\u00c0 propos de Milos"},"content":{"rendered":"<div data-elementor-type=\"wp-page\" data-elementor-id=\"6052\" class=\"elementor elementor-6052\" data-elementor-post-type=\"page\">\n\t\t\t\t\t\t<section class=\"elementor-section elementor-top-section elementor-element elementor-element-ca62b3c elementor-section-boxed elementor-section-height-default elementor-section-height-default wpr-particle-no wpr-jarallax-no wpr-parallax-no wpr-sticky-section-no wpr-equal-height-no\" data-id=\"ca62b3c\" data-element_type=\"section\" data-e-type=\"section\" data-settings=\"{&quot;background_background&quot;:&quot;classic&quot;}\">\n\t\t\t\t\t\t<div class=\"elementor-container elementor-column-gap-default\">\n\t\t\t\t\t<div class=\"elementor-column elementor-col-100 elementor-top-column elementor-element elementor-element-5b4d47a\" data-id=\"5b4d47a\" data-element_type=\"column\" data-e-type=\"column\">\n\t\t\t<div class=\"elementor-widget-wrap\">\n\t\t\t\t\t\t\t<\/div>\n\t\t<\/div>\n\t\t\t\t\t<\/div>\n\t\t<\/section>\n\t\t\t\t<section class=\"elementor-section elementor-top-section elementor-element elementor-element-f2790b8 elementor-section-boxed elementor-section-height-default elementor-section-height-default wpr-particle-no wpr-jarallax-no wpr-parallax-no wpr-sticky-section-no wpr-equal-height-no\" data-id=\"f2790b8\" data-element_type=\"section\" data-e-type=\"section\">\n\t\t\t\t\t\t<div class=\"elementor-container elementor-column-gap-default\">\n\t\t\t\t\t<div class=\"elementor-column elementor-col-100 elementor-top-column elementor-element elementor-element-1307476\" data-id=\"1307476\" data-element_type=\"column\" data-e-type=\"column\">\n\t\t\t<div class=\"elementor-widget-wrap elementor-element-populated\">\n\t\t\t\t\t\t<div class=\"elementor-element elementor-element-c6da645 elementor-widget elementor-widget-heading\" data-id=\"c6da645\" data-element_type=\"widget\" data-e-type=\"widget\" data-widget_type=\"heading.default\">\n\t\t\t\t<div class=\"elementor-widget-container\">\n\t\t\t\t\t<h2 class=\"elementor-heading-title elementor-size-default\">\u00c0 propos de Milos<\/h2>\t\t\t\t<\/div>\n\t\t\t\t<\/div>\n\t\t\t\t<div class=\"elementor-element elementor-element-f5c8486 elementor-widget elementor-widget-text-editor\" data-id=\"f5c8486\" data-element_type=\"widget\" data-e-type=\"widget\" data-widget_type=\"text-editor.default\">\n\t\t\t\t<div class=\"elementor-widget-container\">\n\t\t\t\t\t\t\t\t\t<p>Milos est l\u2019\u00eele la plus au sud-ouest du groupe des Cyclades. Elle abrite plus de 70 plages, la plupart inaccessibles par la terre.<\/p><p>Se distinguant par son ambiance majestueuse, sa riche histoire, ses villages de p\u00eacheurs pittoresques, sa cuisine incroyable et ses baies indigo, l\u2019\u00eele de Milos en Gr\u00e8ce est un joyau intemporel qui vous coupera le souffle avec sa beaut\u00e9 enchanteresse.<br \/>La vari\u00e9t\u00e9 des paysages de Milos est irr\u00e9elle. Vous ne verrez rien deux fois, il y a toujours quelque chose de nouveau \u00e0 d\u00e9couvrir, que ce soit en termes de formations rocheuses, de couleurs de plages ou d\u2019architectures de villages.<\/p><p>Cette \u00eele s\u00e9duisante est particuli\u00e8rement c\u00e9l\u00e8bre pour la\u00a0<strong>V\u00e9nus de Milo<\/strong>\u00a0d\u00e9couverte en 1820. La magnifique statue est maintenant expos\u00e9e au mus\u00e9e du Louvre \u00e0 Paris, mais vous pouvez voir ici l\u2019endroit o\u00f9 elle a \u00e9t\u00e9 d\u00e9couverte et une reproduction de cette statue majestueuse, ainsi que d\u2019autres beaut\u00e9s de l\u2019Antiquit\u00e9 telles que le th\u00e9\u00e2tre antique.<\/p>\t\t\t\t\t\t\t\t<\/div>\n\t\t\t\t<\/div>\n\t\t\t\t\t<\/div>\n\t\t<\/div>\n\t\t\t\t\t<\/div>\n\t\t<\/section>\n\t\t\t\t<section class=\"elementor-section elementor-top-section elementor-element elementor-element-c37a4a3 elementor-section-content-middle elementor-section-boxed elementor-section-height-default elementor-section-height-default wpr-particle-no wpr-jarallax-no wpr-parallax-no wpr-sticky-section-no wpr-equal-height-no\" data-id=\"c37a4a3\" data-element_type=\"section\" data-e-type=\"section\">\n\t\t\t\t\t\t<div class=\"elementor-container elementor-column-gap-default\">\n\t\t\t\t\t<div class=\"elementor-column elementor-col-50 elementor-top-column elementor-element elementor-element-c3db5bf elementor-invisible\" data-id=\"c3db5bf\" data-element_type=\"column\" data-e-type=\"column\" data-settings=\"{&quot;animation&quot;:&quot;slideInLeft&quot;}\">\n\t\t\t<div class=\"elementor-widget-wrap elementor-element-populated\">\n\t\t\t\t\t\t<div class=\"elementor-element elementor-element-90e9bbb elementor-invisible elementor-widget elementor-widget-image\" data-id=\"90e9bbb\" data-element_type=\"widget\" data-e-type=\"widget\" data-settings=\"{&quot;_animation&quot;:&quot;slideInLeft&quot;,&quot;_animation_delay&quot;:300}\" data-widget_type=\"image.default\">\n\t\t\t\t<div class=\"elementor-widget-container\">\n\t\t\t\t\t\t\t\t\t\t\t\t\t\t\t<img fetchpriority=\"high\" decoding=\"async\" width=\"800\" height=\"450\" src=\"https:\/\/arkmilos.com\/wp-content\/uploads\/2023\/01\/Kleftiko.jpg\" class=\"attachment-full size-full wp-image-6516\" alt=\"\" srcset=\"https:\/\/arkmilos.com\/wp-content\/uploads\/2023\/01\/Kleftiko.jpg 800w, https:\/\/arkmilos.com\/wp-content\/uploads\/2023\/01\/Kleftiko-300x169.jpg 300w, https:\/\/arkmilos.com\/wp-content\/uploads\/2023\/01\/Kleftiko-768x432.jpg 768w\" sizes=\"(max-width: 800px) 100vw, 800px\" \/>\t\t\t\t\t\t\t\t\t\t\t\t\t\t\t<\/div>\n\t\t\t\t<\/div>\n\t\t\t\t\t<\/div>\n\t\t<\/div>\n\t\t\t\t<div class=\"elementor-column elementor-col-50 elementor-top-column elementor-element elementor-element-bce31bd\" data-id=\"bce31bd\" data-element_type=\"column\" data-e-type=\"column\">\n\t\t\t<div class=\"elementor-widget-wrap elementor-element-populated\">\n\t\t\t\t\t\t<div class=\"elementor-element elementor-element-4d2f8e2 elementor-widget elementor-widget-text-editor\" data-id=\"4d2f8e2\" data-element_type=\"widget\" data-e-type=\"widget\" data-widget_type=\"text-editor.default\">\n\t\t\t\t<div class=\"elementor-widget-container\">\n\t\t\t\t\t\t\t\t\t<p><strong>La baie de Kleftiko<\/strong>\u00a0est \u00e9galement tr\u00e8s populaire et uniquement accessible par bateau. Compos\u00e9 de formations rocheuses imposantes et d\u2019eaux \u00e9meraude, cet ancien refuge de pirates est aujourd\u2019hui une des marques de fabrique de l\u2019\u00eele, et ses nombreuses grottes en font un favori des touristes!<\/p>\t\t\t\t\t\t\t\t<\/div>\n\t\t\t\t<\/div>\n\t\t\t\t\t<\/div>\n\t\t<\/div>\n\t\t\t\t\t<\/div>\n\t\t<\/section>\n\t\t\t\t<section class=\"elementor-section elementor-top-section elementor-element elementor-element-9f32d12 elementor-section-content-middle elementor-reverse-mobile elementor-section-boxed elementor-section-height-default elementor-section-height-default wpr-particle-no wpr-jarallax-no wpr-parallax-no wpr-sticky-section-no wpr-equal-height-no\" data-id=\"9f32d12\" data-element_type=\"section\" data-e-type=\"section\">\n\t\t\t\t\t\t<div class=\"elementor-container elementor-column-gap-default\">\n\t\t\t\t\t<div class=\"elementor-column elementor-col-50 elementor-top-column elementor-element elementor-element-4b2c632\" data-id=\"4b2c632\" data-element_type=\"column\" data-e-type=\"column\">\n\t\t\t<div class=\"elementor-widget-wrap elementor-element-populated\">\n\t\t\t\t\t\t<div class=\"elementor-element elementor-element-8046eea elementor-widget elementor-widget-text-editor\" data-id=\"8046eea\" data-element_type=\"widget\" data-e-type=\"widget\" data-widget_type=\"text-editor.default\">\n\t\t\t\t<div class=\"elementor-widget-container\">\n\t\t\t\t\t\t\t\t\t<p>Les plages de l\u2019\u00eele sont embl\u00e9matiques, et surtout la magnifique\u00a0<strong>Plage de Sarakiniko<\/strong>. Elle poss\u00e8de un paysage lunaire, compos\u00e9 de formations rocheuses blanches volcaniques brillantes et d\u2019eaux turquoises cristallines. Que vous choisissiez d\u2019explorer ses grottes marines, de sauter des falaises ou de somnoler sous le soleil sur votre serviette, vous vous souviendrez de l\u2019atmosph\u00e8re enchanteresse de cette plage pour toujours.<\/p>\t\t\t\t\t\t\t\t<\/div>\n\t\t\t\t<\/div>\n\t\t\t\t\t<\/div>\n\t\t<\/div>\n\t\t\t\t<div class=\"elementor-column elementor-col-50 elementor-top-column elementor-element elementor-element-486b912\" data-id=\"486b912\" data-element_type=\"column\" data-e-type=\"column\">\n\t\t\t<div class=\"elementor-widget-wrap elementor-element-populated\">\n\t\t\t\t\t\t<div class=\"elementor-element elementor-element-3d795c9 elementor-invisible elementor-widget elementor-widget-image\" data-id=\"3d795c9\" data-element_type=\"widget\" data-e-type=\"widget\" data-settings=\"{&quot;_animation&quot;:&quot;slideInRight&quot;,&quot;_animation_delay&quot;:300}\" data-widget_type=\"image.default\">\n\t\t\t\t<div class=\"elementor-widget-container\">\n\t\t\t\t\t\t\t\t\t\t\t\t\t\t\t<img decoding=\"async\" width=\"768\" height=\"660\" src=\"https:\/\/arkmilos.com\/wp-content\/uploads\/2022\/12\/Sarakiniko-Beach-in-Milos-768x660.jpg\" class=\"attachment-yachbat_thumbnail size-yachbat_thumbnail wp-image-6054\" alt=\"\" \/>\t\t\t\t\t\t\t\t\t\t\t\t\t\t\t<\/div>\n\t\t\t\t<\/div>\n\t\t\t\t\t<\/div>\n\t\t<\/div>\n\t\t\t\t\t<\/div>\n\t\t<\/section>\n\t\t\t\t<section class=\"elementor-section elementor-top-section elementor-element elementor-element-e569e3c elementor-section-content-middle elementor-section-boxed elementor-section-height-default elementor-section-height-default wpr-particle-no wpr-jarallax-no wpr-parallax-no wpr-sticky-section-no wpr-equal-height-no\" data-id=\"e569e3c\" data-element_type=\"section\" data-e-type=\"section\">\n\t\t\t\t\t\t<div class=\"elementor-container elementor-column-gap-default\">\n\t\t\t\t\t<div class=\"elementor-column elementor-col-50 elementor-top-column elementor-element elementor-element-6ee9a6c elementor-invisible\" data-id=\"6ee9a6c\" data-element_type=\"column\" data-e-type=\"column\" data-settings=\"{&quot;animation&quot;:&quot;slideInLeft&quot;}\">\n\t\t\t<div class=\"elementor-widget-wrap elementor-element-populated\">\n\t\t\t\t\t\t<div class=\"elementor-element elementor-element-58e92ef elementor-widget elementor-widget-image-carousel\" data-id=\"58e92ef\" data-element_type=\"widget\" data-e-type=\"widget\" data-settings=\"{&quot;slides_to_show&quot;:&quot;1&quot;,&quot;navigation&quot;:&quot;none&quot;,&quot;autoplay_speed&quot;:3000,&quot;autoplay&quot;:&quot;yes&quot;,&quot;pause_on_hover&quot;:&quot;yes&quot;,&quot;pause_on_interaction&quot;:&quot;yes&quot;,&quot;infinite&quot;:&quot;yes&quot;,&quot;effect&quot;:&quot;slide&quot;,&quot;speed&quot;:500}\" data-widget_type=\"image-carousel.default\">\n\t\t\t\t<div class=\"elementor-widget-container\">\n\t\t\t\t\t\t\t<div class=\"elementor-image-carousel-wrapper swiper\" role=\"region\" aria-roledescription=\"carousel\" aria-label=\"Image Carousel\" dir=\"ltr\">\n\t\t\t<div class=\"elementor-image-carousel swiper-wrapper\" aria-live=\"off\">\n\t\t\t\t\t\t\t\t<div class=\"swiper-slide\" role=\"group\" aria-roledescription=\"slide\" aria-label=\"1 of 2\"><figure class=\"swiper-slide-inner\"><img decoding=\"async\" class=\"swiper-slide-image\" src=\"https:\/\/arkmilos.com\/wp-content\/uploads\/2023\/02\/About-Milos-Sykia-1.jpg\" alt=\"About Milos - Sykia\" \/><\/figure><\/div><div class=\"swiper-slide\" role=\"group\" aria-roledescription=\"slide\" aria-label=\"2 of 2\"><figure class=\"swiper-slide-inner\"><img decoding=\"async\" class=\"swiper-slide-image\" src=\"https:\/\/arkmilos.com\/wp-content\/uploads\/2023\/02\/Thiorichia-scaled-1.jpg\" alt=\"Thiorichia-scaled\" \/><\/figure><\/div>\t\t\t<\/div>\n\t\t\t\t\t\t\t\n\t\t\t\t\t\t\t\t\t<\/div>\n\t\t\t\t\t\t<\/div>\n\t\t\t\t<\/div>\n\t\t\t\t\t<\/div>\n\t\t<\/div>\n\t\t\t\t<div class=\"elementor-column elementor-col-50 elementor-top-column elementor-element elementor-element-8cf40a5\" data-id=\"8cf40a5\" data-element_type=\"column\" data-e-type=\"column\">\n\t\t\t<div class=\"elementor-widget-wrap elementor-element-populated\">\n\t\t\t\t\t\t<div class=\"elementor-element elementor-element-bee6e3f elementor-widget elementor-widget-text-editor\" data-id=\"bee6e3f\" data-element_type=\"widget\" data-e-type=\"widget\" data-widget_type=\"text-editor.default\">\n\t\t\t\t<div class=\"elementor-widget-container\">\n\t\t\t\t\t\t\t\t\t<p>Outre Sarakiniko et Kleftiko, Milos compte plus de 70 belles plages \u00e0 visiter, telles que Firiplaka ou Plathiena, mais aussi la myst\u00e9rieuse <strong>Thiorichia<\/strong>, une ancienne mine de soufre, abandonn\u00e9e presque du jour au lendemain et toujours debout sur les collines environnantes de la plage. La partie ouest de l\u2019\u00eele, qui fait partie du programme Natura 2000 et donc plus sauvage et moins touristique que le reste de l\u2019\u00eele, est \u00e9galement un incontournable. Avec une visite de ses plages telles que Agathia, Triades, Amoudaraki, Agios Ioannis, ou la magnifique <strong>grotte de Sikia<\/strong>, vous passerez \u00e0 coup s\u00fbr l\u2019un des meilleurs jours de votre s\u00e9jour, loin de la foule.<\/p>\t\t\t\t\t\t\t\t<\/div>\n\t\t\t\t<\/div>\n\t\t\t\t\t<\/div>\n\t\t<\/div>\n\t\t\t\t\t<\/div>\n\t\t<\/section>\n\t\t\t\t<section class=\"elementor-section elementor-top-section elementor-element elementor-element-f66df3e elementor-section-content-middle elementor-reverse-mobile elementor-section-boxed elementor-section-height-default elementor-section-height-default wpr-particle-no wpr-jarallax-no wpr-parallax-no wpr-sticky-section-no wpr-equal-height-no\" data-id=\"f66df3e\" data-element_type=\"section\" data-e-type=\"section\">\n\t\t\t\t\t\t<div class=\"elementor-container elementor-column-gap-default\">\n\t\t\t\t\t<div class=\"elementor-column elementor-col-50 elementor-top-column elementor-element elementor-element-91acb45\" data-id=\"91acb45\" data-element_type=\"column\" data-e-type=\"column\">\n\t\t\t<div class=\"elementor-widget-wrap elementor-element-populated\">\n\t\t\t\t\t\t<div class=\"elementor-element elementor-element-9b94f1f elementor-widget elementor-widget-text-editor\" data-id=\"9b94f1f\" data-element_type=\"widget\" data-e-type=\"widget\" data-widget_type=\"text-editor.default\">\n\t\t\t\t<div class=\"elementor-widget-container\">\n\t\t\t\t\t\t\t\t\t<p>Enfin, un des joyaux de Milos sont ses villages de p\u00eacheurs color\u00e9s, tels que Klima, Mandrakia ou Firopotamos! Dans ces villages pittoresques, vous trouverez de petites maisons blanchies \u00e0 la chaux (<em>Sirma<\/em>) avec leurs volets color\u00e9s et leur garage, o\u00f9 les p\u00eacheurs avaient l\u2019habitude de garer leurs petits bateaux color\u00e9s. Beaucoup\u00a0<strong>Maisons de p\u00eacheurs<\/strong>\u00a0se sont transform\u00e9s en h\u00e9bergement confortable au bord de la mer, o\u00f9 vous pourrez vous r\u00e9veiller au son des vagues, vous invitant \u00e0 une baignade matinale.<\/p>\t\t\t\t\t\t\t\t<\/div>\n\t\t\t\t<\/div>\n\t\t\t\t\t<\/div>\n\t\t<\/div>\n\t\t\t\t<div class=\"elementor-column elementor-col-50 elementor-top-column elementor-element elementor-element-a35a875\" data-id=\"a35a875\" data-element_type=\"column\" data-e-type=\"column\">\n\t\t\t<div class=\"elementor-widget-wrap elementor-element-populated\">\n\t\t\t\t\t\t<div class=\"elementor-element elementor-element-acc5c12 elementor-invisible elementor-widget elementor-widget-image\" data-id=\"acc5c12\" data-element_type=\"widget\" data-e-type=\"widget\" data-settings=\"{&quot;_animation&quot;:&quot;slideInRight&quot;,&quot;_animation_delay&quot;:300}\" data-widget_type=\"image.default\">\n\t\t\t\t<div class=\"elementor-widget-container\">\n\t\t\t\t\t\t\t\t\t\t\t\t\t\t\t<img decoding=\"async\" width=\"1889\" height=\"1374\" src=\"https:\/\/arkmilos.com\/wp-content\/uploads\/2023\/01\/Klima.jpg\" class=\"attachment-full size-full wp-image-6521\" alt=\"\" srcset=\"https:\/\/arkmilos.com\/wp-content\/uploads\/2023\/01\/Klima.jpg 1889w, https:\/\/arkmilos.com\/wp-content\/uploads\/2023\/01\/Klima-300x218.jpg 300w, https:\/\/arkmilos.com\/wp-content\/uploads\/2023\/01\/Klima-1024x745.jpg 1024w, https:\/\/arkmilos.com\/wp-content\/uploads\/2023\/01\/Klima-768x559.jpg 768w, https:\/\/arkmilos.com\/wp-content\/uploads\/2023\/01\/Klima-1536x1117.jpg 1536w\" sizes=\"(max-width: 1889px) 100vw, 1889px\" \/>\t\t\t\t\t\t\t\t\t\t\t\t\t\t\t<\/div>\n\t\t\t\t<\/div>\n\t\t\t\t\t<\/div>\n\t\t<\/div>\n\t\t\t\t\t<\/div>\n\t\t<\/section>\n\t\t\t\t<section class=\"elementor-section elementor-top-section elementor-element elementor-element-3adb665 elementor-section-boxed elementor-section-height-default elementor-section-height-default wpr-particle-no wpr-jarallax-no wpr-parallax-no wpr-sticky-section-no wpr-equal-height-no\" data-id=\"3adb665\" data-element_type=\"section\" data-e-type=\"section\">\n\t\t\t\t\t\t<div class=\"elementor-container elementor-column-gap-default\">\n\t\t\t\t\t<div class=\"elementor-column elementor-col-100 elementor-top-column elementor-element elementor-element-15bce6a\" data-id=\"15bce6a\" data-element_type=\"column\" data-e-type=\"column\">\n\t\t\t<div class=\"elementor-widget-wrap elementor-element-populated\">\n\t\t\t\t\t\t<div class=\"elementor-element elementor-element-4b0cc22 elementor-widget elementor-widget-text-editor\" data-id=\"4b0cc22\" data-element_type=\"widget\" data-e-type=\"widget\" data-widget_type=\"text-editor.default\">\n\t\t\t\t<div class=\"elementor-widget-container\">\n\t\t\t\t\t\t\t\t\t<p>Milos accueille tout le monde, mais elle est particuli\u00e8rement populaire aupr\u00e8s des couples, qui trouvent dans le paysage naturel et serein de l\u2019\u00eele le cadre id\u00e9al pour leurs vacances romantiques. En effet, les nombreuses grottes, les catacombes myst\u00e9rieuses et les plages \u00e9meraudes ont suffisamment de charme pour envo\u00fbter tout voyageur.<\/p>\t\t\t\t\t\t\t\t<\/div>\n\t\t\t\t<\/div>\n\t\t\t\t\t<\/div>\n\t\t<\/div>\n\t\t\t\t\t<\/div>\n\t\t<\/section>\n\t\t\t\t<section class=\"elementor-section elementor-top-section elementor-element elementor-element-28dfbe8 elementor-section-content-middle elementor-section-boxed elementor-section-height-default elementor-section-height-default wpr-particle-no wpr-jarallax-no wpr-parallax-no wpr-sticky-section-no wpr-equal-height-no\" data-id=\"28dfbe8\" data-element_type=\"section\" data-e-type=\"section\" data-settings=\"{&quot;background_background&quot;:&quot;classic&quot;}\">\n\t\t\t\t\t\t<div class=\"elementor-container elementor-column-gap-default\">\n\t\t\t\t\t<div class=\"elementor-column elementor-col-100 elementor-top-column elementor-element elementor-element-e8e7c31\" data-id=\"e8e7c31\" data-element_type=\"column\" data-e-type=\"column\">\n\t\t\t<div class=\"elementor-widget-wrap elementor-element-populated\">\n\t\t\t\t\t\t<div class=\"elementor-element elementor-element-0b00626 elementor-widget elementor-widget-heading\" data-id=\"0b00626\" data-element_type=\"widget\" data-e-type=\"widget\" data-widget_type=\"heading.default\">\n\t\t\t\t<div class=\"elementor-widget-container\">\n\t\t\t\t\t<h5 class=\"elementor-heading-title elementor-size-default\">Vous vous demandez o\u00f9 s\u00e9journer ? <br>\nR\u00e9servez \u00e0<\/h5>\t\t\t\t<\/div>\n\t\t\t\t<\/div>\n\t\t\t\t<div class=\"elementor-element elementor-element-1657d30 elementor-widget__width-auto elementor-widget elementor-widget-button\" data-id=\"1657d30\" data-element_type=\"widget\" data-e-type=\"widget\" data-widget_type=\"button.default\">\n\t\t\t\t<div class=\"elementor-widget-container\">\n\t\t\t\t\t\t\t\t\t<div class=\"elementor-button-wrapper\">\n\t\t\t\t\t<a class=\"elementor-button elementor-button-link elementor-size-sm\" href=\"https:\/\/www.lithosluxurymilos.gr\/en\/\" target=\"_blank\">\n\t\t\t\t\t\t<span class=\"elementor-button-content-wrapper\">\n\t\t\t\t\t\t\t\t\t<span class=\"elementor-button-text\">Lithos Luxury Rooms<\/span>\n\t\t\t\t\t<\/span>\n\t\t\t\t\t<\/a>\n\t\t\t\t<\/div>\n\t\t\t\t\t\t\t\t<\/div>\n\t\t\t\t<\/div>\n\t\t\t\t<div class=\"elementor-element elementor-element-346f666 elementor-widget__width-auto elementor-widget elementor-widget-button\" data-id=\"346f666\" data-element_type=\"widget\" data-e-type=\"widget\" data-widget_type=\"button.default\">\n\t\t\t\t<div class=\"elementor-widget-container\">\n\t\t\t\t\t\t\t\t\t<div class=\"elementor-button-wrapper\">\n\t\t\t\t\t<a class=\"elementor-button elementor-button-link elementor-size-sm\" href=\"https:\/\/www.booking.com\/hotel\/gr\/milos-guesthouse.en-gb.html?lang=en-gb&#038;soz=1&#038;lang_changed=1\" target=\"_blank\">\n\t\t\t\t\t\t<span class=\"elementor-button-content-wrapper\">\n\t\t\t\t\t\t\t\t\t<span class=\"elementor-button-text\">Milos Guesthouse<\/span>\n\t\t\t\t\t<\/span>\n\t\t\t\t\t<\/a>\n\t\t\t\t<\/div>\n\t\t\t\t\t\t\t\t<\/div>\n\t\t\t\t<\/div>\n\t\t\t\t\t<\/div>\n\t\t<\/div>\n\t\t\t\t\t<\/div>\n\t\t<\/section>\n\t\t\t\t<\/div>","protected":false},"excerpt":{"rendered":"<p>About Milos Milos is the south westernmost island in the Cyclades group and is home to more than 70 beaches, most of them inaccessible by land. Standing out for its majestic ambiance, rich history, picturesque fishing villages, amazing food, and indigo bays, Milos Island in Greece is a timeless Cycladic gem that will steal your breath with its enchanting beauty. The\u00a0variety of landscapes\u00a0in Milos is unreal. You\u2019ll see nothing twice, there\u2019s always something new to discover, whether it is in terms of rock formations, of beach colours or of village architectures. This enticing island is particularly famous for the\u00a0Venus de Milo\u00a0statue, which was discovered in 1820. The stunning statue is now displayed in the Louvre Museum in Paris, but you can see here the spot where it was discovered and a reproduction of this majestic statue, along with other beauties from the Antiquity such as the Ancient Theatre. Kleftiko\u00a0is also wildly popular sightseeing only reachable by boat. Boasting towering rock formations and emerald waters, this former pirate hideaway, is now the imposing trademark of the island, and its numerous caves makes it a tourist favourite! The\u00a0beaches\u00a0on the island are iconic, and especially the gorgeous\u00a0Sarakiniko beach. This beach boasts a lunar landscape, consisting of volcanic gleaming white rock formations and crystal-clear turquoise waters. Whether you chose to explore its sea caves, jump off the cliffs or doze under the sun on a beach towel, you\u2019ll remember the enchanting atmosphere of this beach forever. Apart from Sarakiniko and Kleftiko though, Milos has over\u00a070 beautiful exotic beaches\u00a0worth visiting, such as Firiplaka or Plathiena but also the enigmatic Thiorichia, an ancient sulphur mine, abandoned almost from one day to another and still standing on the hills around the beach. The West side of the island, part of the Natura 2000 program and therefore wilder and less touristic than the rest of the island is also a must see. With a visit to its beaches such as Agathia, Triades, Amoudaraki or Agios Ioannis, or to the magnificent cave of Sikia, you will have for sure one of the best days of your stay, away from the crowd. Finally, some of the gems of Milos are its\u00a0colourful fishing villages, such as Klima, Mandrakia or Firopotamos! In these picturesque villages, you\u2019ll find little whitewashed houses (sirma) with colourful shutters and boat garages, where fishermen used to park their colourful little boats. Many\u00a0fisherman\u2019s houses\u00a0have turned into cosy accommodation by the sea, where you can wake up to the sound of the waves, inviting you to an early morning swim. Milos welcomes everyone, but it is particularly popular with couples, which find in the serene natural landscape of the island the perfect setting for their romantic holidays. Indeed, the numerous caves, mysterious catacombs, and emerald beaches squeeze enough charm to bewitch any traveller. Wondering where to stay? Book on Lithos Luxury Rooms Milos Guesthouse<\/p>","protected":false},"author":1,"featured_media":0,"parent":0,"menu_order":0,"comment_status":"closed","ping_status":"closed","template":"elementor_header_footer","meta":{"_monsterinsights_skip_tracking":false,"_monsterinsights_sitenote_active":false,"_monsterinsights_sitenote_note":"","_monsterinsights_sitenote_category":0,"footnotes":""},"class_list":["post-6052","page","type-page","status-publish","hentry"],"aioseo_notices":[],"_links":{"self":[{"href":"https:\/\/arkmilos.com\/fr\/wp-json\/wp\/v2\/pages\/6052","targetHints":{"allow":["GET"]}}],"collection":[{"href":"https:\/\/arkmilos.com\/fr\/wp-json\/wp\/v2\/pages"}],"about":[{"href":"https:\/\/arkmilos.com\/fr\/wp-json\/wp\/v2\/types\/page"}],"author":[{"embeddable":true,"href":"https:\/\/arkmilos.com\/fr\/wp-json\/wp\/v2\/users\/1"}],"replies":[{"embeddable":true,"href":"https:\/\/arkmilos.com\/fr\/wp-json\/wp\/v2\/comments?post=6052"}],"version-history":[{"count":86,"href":"https:\/\/arkmilos.com\/fr\/wp-json\/wp\/v2\/pages\/6052\/revisions"}],"predecessor-version":[{"id":7609,"href":"https:\/\/arkmilos.com\/fr\/wp-json\/wp\/v2\/pages\/6052\/revisions\/7609"}],"wp:attachment":[{"href":"https:\/\/arkmilos.com\/fr\/wp-json\/wp\/v2\/media?parent=6052"}],"curies":[{"name":"wp","href":"https:\/\/api.w.org\/{rel}","templated":true}]}}