{"id":6008,"date":"2022-12-28T13:49:08","date_gmt":"2022-12-28T10:49:08","guid":{"rendered":"https:\/\/arkmilos.com\/?page_id=6008"},"modified":"2023-04-04T17:15:26","modified_gmt":"2023-04-04T14:15:26","slug":"sunset-cruise","status":"publish","type":"page","link":"https:\/\/arkmilos.com\/fr\/sunset-cruise\/","title":{"rendered":"Croisi\u00e8re au coucher du soleil"},"content":{"rendered":"<div data-elementor-type=\"wp-page\" data-elementor-id=\"6008\" class=\"elementor elementor-6008\" data-elementor-post-type=\"page\">\n\t\t\t\t\t\t<section class=\"elementor-section elementor-top-section elementor-element elementor-element-9d00fde elementor-section-full_width elementor-section-height-default elementor-section-height-default wpr-particle-no wpr-jarallax-no wpr-parallax-no wpr-sticky-section-no wpr-equal-height-no\" data-id=\"9d00fde\" data-element_type=\"section\" data-e-type=\"section\" data-settings=\"{&quot;background_background&quot;:&quot;classic&quot;}\">\n\t\t\t\t\t\t<div class=\"elementor-container elementor-column-gap-default\">\n\t\t\t\t\t<div class=\"elementor-column elementor-col-100 elementor-top-column elementor-element elementor-element-ba2f325\" data-id=\"ba2f325\" data-element_type=\"column\" data-e-type=\"column\">\n\t\t\t<div class=\"elementor-widget-wrap\">\n\t\t\t\t\t\t\t<\/div>\n\t\t<\/div>\n\t\t\t\t\t<\/div>\n\t\t<\/section>\n\t\t\t\t<section class=\"elementor-section elementor-top-section elementor-element elementor-element-347083b8 elementor-section-boxed elementor-section-height-default elementor-section-height-default wpr-particle-no wpr-jarallax-no wpr-parallax-no wpr-sticky-section-no wpr-equal-height-no\" data-id=\"347083b8\" data-element_type=\"section\" data-e-type=\"section\">\n\t\t\t\t\t\t<div class=\"elementor-container elementor-column-gap-default\">\n\t\t\t\t\t<div class=\"elementor-column elementor-col-100 elementor-top-column elementor-element elementor-element-59b78e51\" data-id=\"59b78e51\" data-element_type=\"column\" data-e-type=\"column\">\n\t\t\t<div class=\"elementor-widget-wrap elementor-element-populated\">\n\t\t\t\t\t\t<div class=\"elementor-element elementor-element-566caf96 elementor-widget elementor-widget-heading\" data-id=\"566caf96\" data-element_type=\"widget\" data-e-type=\"widget\" data-widget_type=\"heading.default\">\n\t\t\t\t<div class=\"elementor-widget-container\">\n\t\t\t\t\t<h2 class=\"elementor-heading-title elementor-size-default\">Croisi\u00e8re au coucher du soleil<\/h2>\t\t\t\t<\/div>\n\t\t\t\t<\/div>\n\t\t\t\t\t<\/div>\n\t\t<\/div>\n\t\t\t\t\t<\/div>\n\t\t<\/section>\n\t\t\t\t<section class=\"elementor-section elementor-top-section elementor-element elementor-element-0db097f elementor-section-boxed elementor-section-height-default elementor-section-height-default wpr-particle-no wpr-jarallax-no wpr-parallax-no wpr-sticky-section-no wpr-equal-height-no\" data-id=\"0db097f\" data-element_type=\"section\" data-e-type=\"section\">\n\t\t\t\t\t\t<div class=\"elementor-container elementor-column-gap-default\">\n\t\t\t\t\t<div class=\"elementor-column elementor-col-33 elementor-top-column elementor-element elementor-element-cffe224\" data-id=\"cffe224\" data-element_type=\"column\" data-e-type=\"column\">\n\t\t\t<div class=\"elementor-widget-wrap\">\n\t\t\t\t\t\t\t<\/div>\n\t\t<\/div>\n\t\t\t\t<div class=\"elementor-column elementor-col-33 elementor-top-column elementor-element elementor-element-f602096\" data-id=\"f602096\" data-element_type=\"column\" data-e-type=\"column\">\n\t\t\t<div class=\"elementor-widget-wrap elementor-element-populated\">\n\t\t\t\t\t\t<div class=\"elementor-element elementor-element-730556c4 elementor-widget elementor-widget-text-editor\" data-id=\"730556c4\" data-element_type=\"widget\" data-e-type=\"widget\" data-widget_type=\"text-editor.default\">\n\t\t\t\t<div class=\"elementor-widget-container\">\n\t\t\t\t\t\t\t\t\t<p>Vous passez votre lune de miel ou votre anniversaire de mariage sur Milos et vous souhaitez surprendre votre moiti\u00e9 avec un moment magique et romantique ?<\/p><p>Privatisez \u00ab La Pomme Bleue \u00bb pendant quelques heures pour profiter d\u2019un coucher de soleil inoubliable dans la baie de Milos. Voyez le soleil plonger lentement dans la mer \u00c9g\u00e9e depuis le pont de notre voilier.<\/p>\t\t\t\t\t\t\t\t<\/div>\n\t\t\t\t<\/div>\n\t\t\t\t<div class=\"elementor-element elementor-element-65cded5 elementor-widget elementor-widget-text-editor\" data-id=\"65cded5\" data-element_type=\"widget\" data-e-type=\"widget\" data-widget_type=\"text-editor.default\">\n\t\t\t\t<div class=\"elementor-widget-container\">\n\t\t\t\t\t\t\t\t\t<p><strong>Informations g\u00e9n\u00e9rales:<\/strong><\/p>\n<ul>\n<li>Heure du rendez-vous : 19 h 30<\/li>\n<li>Point de rencontre : En face du restaurant Kinigos, sur le port d\u2019Adamas<\/li>\n<li>Dur\u00e9e: 3 heures<\/li>\n<li>Couples ou petits groupes de 10 personnes maximum<\/li>\n<\/ul><div><br><\/div>\n<p><strong>Le forfait comprend:<\/strong><\/p>\t\t\t\t\t\t\t\t<\/div>\n\t\t\t\t<\/div>\n\t\t\t\t<div class=\"elementor-element elementor-element-b141f44 elementor-icon-list--layout-traditional elementor-list-item-link-full_width elementor-widget elementor-widget-icon-list\" data-id=\"b141f44\" data-element_type=\"widget\" data-e-type=\"widget\" data-widget_type=\"icon-list.default\">\n\t\t\t\t<div class=\"elementor-widget-container\">\n\t\t\t\t\t\t\t<ul class=\"elementor-icon-list-items\">\n\t\t\t\t\t\t\t<li class=\"elementor-icon-list-item\">\n\t\t\t\t\t\t\t\t\t\t\t<span class=\"elementor-icon-list-icon\">\n\t\t\t\t\t\t\t<svg xmlns=\"http:\/\/www.w3.org\/2000\/svg\" xmlns:xlink=\"http:\/\/www.w3.org\/1999\/xlink\" fill=\"#000000\" width=\"800px\" height=\"800px\" viewbox=\"0 0 129.922 129.922\" xml:space=\"preserve\"><g id=\"Layer_2\"><\/g><g id=\"Layer_1\"><g><g><path d=\"M79.972,41.159l-1.323-0.352c-8.451-2.245-14.497-8.223-15.78-15.599c-1.281-7.378,2.392-15.045,9.589-20.01l1.126-0.777     l1.324,0.352c8.449,2.243,14.495,8.221,15.78,15.598c1.283,7.379-2.392,15.046-9.589,20.01L79.972,41.159z M74.714,10.921     c-4.525,3.595-6.804,8.577-5.987,13.27c0.815,4.691,4.641,8.612,10.115,10.469c4.525-3.595,6.804-8.578,5.987-13.27     C84.014,16.698,80.187,12.777,74.714,10.921z\"><\/path><\/g><g><path d=\"M35.723,66.539c-3.89,0-7.547-1.516-10.298-4.266c-5.679-5.68-5.679-14.92,0-20.599     c2.751-2.751,6.408-4.266,10.298-4.266c3.893,0,7.55,1.515,10.301,4.266c2.751,2.751,4.267,6.409,4.267,10.3     c0,3.89-1.516,7.548-4.267,10.299C43.272,65.023,39.615,66.539,35.723,66.539z M35.723,43.353c-2.301,0-4.466,0.896-6.094,2.524     c-3.36,3.361-3.36,8.83,0,12.191c1.628,1.629,3.793,2.525,6.094,2.525c2.304,0,4.469-0.896,6.097-2.525     c3.361-3.361,3.361-8.83,0-12.191C40.191,44.25,38.026,43.353,35.723,43.353z\"><\/path><\/g><g><path d=\"M52.12,82.934c-3.892,0-7.549-1.515-10.301-4.266c-2.751-2.751-4.267-6.409-4.267-10.299s1.516-7.548,4.267-10.3     c2.752-2.751,6.409-4.266,10.301-4.266c3.891,0,7.547,1.515,10.298,4.266c5.681,5.679,5.681,14.92,0,20.599     C59.667,81.419,56.011,82.934,52.12,82.934z M52.12,59.748c-2.304,0-4.468,0.897-6.097,2.525c-3.361,3.361-3.361,8.83,0,12.191     c1.629,1.628,3.793,2.524,6.097,2.524c2.301,0,4.467-0.896,6.095-2.524c3.361-3.361,3.361-8.83,0-12.191     C56.587,60.645,54.421,59.748,52.12,59.748z\"><\/path><\/g><g><path d=\"M68.514,99.329c-3.891,0-7.549-1.515-10.299-4.266c-5.68-5.679-5.68-14.919,0-20.599     c2.75-2.751,6.408-4.267,10.299-4.267s7.549,1.515,10.3,4.267c2.751,2.75,4.267,6.409,4.267,10.299s-1.516,7.548-4.267,10.299     S72.404,99.329,68.514,99.329z M68.514,76.143c-2.304,0-4.468,0.896-6.096,2.525c-3.361,3.361-3.361,8.83,0,12.191     c1.628,1.628,3.792,2.525,6.096,2.525c2.303,0,4.467-0.896,6.097-2.525c3.361-3.361,3.361-8.83,0-12.191     C72.98,77.039,70.816,76.143,68.514,76.143z\"><\/path><\/g><g><path d=\"M45.813,105.633c-3.89,0-7.548-1.515-10.298-4.266c-5.681-5.68-5.681-14.92,0-20.599     c2.75-2.751,6.408-4.267,10.298-4.267c3.892,0,7.55,1.515,10.301,4.267c2.751,2.751,4.267,6.409,4.267,10.299     s-1.516,7.548-4.267,10.299S49.705,105.633,45.813,105.633z M45.813,82.447c-2.302,0-4.467,0.897-6.095,2.525     c-3.361,3.361-3.361,8.83,0,12.191c1.628,1.628,3.793,2.525,6.095,2.525c2.304,0,4.469-0.896,6.098-2.525     c3.361-3.361,3.361-8.83,0-12.191C50.282,83.344,48.117,82.447,45.813,82.447z\"><\/path><\/g><g><path d=\"M22.907,112.146c-3.891,0-7.548-1.515-10.299-4.266c-5.68-5.679-5.68-14.92,0-20.599     c2.751-2.751,6.408-4.266,10.299-4.266s7.549,1.515,10.299,4.266c2.753,2.751,4.267,6.409,4.267,10.3     c0,3.89-1.514,7.548-4.267,10.299C30.456,110.63,26.798,112.146,22.907,112.146z M22.907,88.96c-2.303,0-4.467,0.896-6.096,2.524     c-3.36,3.361-3.36,8.83,0,12.191c1.629,1.628,3.793,2.525,6.096,2.525s4.467-0.896,6.097-2.525c3.36-3.361,3.36-8.83,0-12.191     C27.374,89.856,25.21,88.96,22.907,88.96z\"><\/path><\/g><g><path d=\"M29.421,89.238c-3.892,0-7.549-1.515-10.301-4.266c-2.751-2.751-4.267-6.409-4.267-10.299s1.516-7.548,4.267-10.299     c2.752-2.751,6.409-4.266,10.301-4.266c3.89,0,7.548,1.515,10.298,4.266c5.68,5.679,5.68,14.92,0,20.599     C36.969,87.723,33.311,89.238,29.421,89.238z M29.421,66.052c-2.305,0-4.469,0.897-6.098,2.525     c-3.361,3.361-3.361,8.831,0,12.191c1.629,1.628,3.793,2.525,6.098,2.525c2.302,0,4.466-0.897,6.095-2.525     c3.361-3.361,3.361-8.83,0-12.191C33.887,66.949,31.723,66.052,29.421,66.052z\"><\/path><\/g><g><path d=\"M74.595,76.853c-3.891,0-7.549-1.515-10.299-4.266c-2.751-2.751-4.267-6.408-4.267-10.299     c0-3.891,1.516-7.548,4.267-10.299c2.75-2.751,6.408-4.266,10.299-4.266s7.549,1.515,10.3,4.266     c5.679,5.679,5.679,14.919,0,20.599C82.144,75.338,78.485,76.853,74.595,76.853z M74.595,53.667     c-2.304,0-4.468,0.896-6.096,2.525c-3.361,3.361-3.361,8.83,0,12.191c1.628,1.628,3.792,2.525,6.096,2.525     c2.303,0,4.467-0.897,6.095-2.525c3.361-3.361,3.361-8.83,0-12.191C79.062,54.564,76.897,53.667,74.595,53.667z\"><\/path><\/g><g><path d=\"M58.199,60.458c-3.891,0-7.548-1.516-10.299-4.266c-5.68-5.679-5.68-14.919,0-20.599     c2.751-2.751,6.408-4.267,10.299-4.267c3.893,0,7.549,1.515,10.3,4.267c2.752,2.75,4.267,6.408,4.267,10.299     c0,3.89-1.515,7.548-4.267,10.299C65.748,58.943,62.092,60.458,58.199,60.458z M58.199,37.272c-2.303,0-4.467,0.896-6.095,2.524     c-3.361,3.361-3.361,8.831,0,12.191c1.628,1.628,3.792,2.525,6.095,2.525s4.467-0.896,6.097-2.525     c3.359-3.361,3.359-8.831,0-12.191C62.666,38.169,60.502,37.272,58.199,37.272z\"><\/path><\/g><g><path d=\"M96.371,49.777c-2.699,0-5.237-1.051-7.146-2.96c-1.909-1.909-2.961-4.447-2.961-7.146s1.052-5.238,2.961-7.147     c1.909-1.909,4.447-2.96,7.146-2.96c1.227,0,2.43,0.219,3.574,0.652c1.348,0.509,2.549,1.286,3.572,2.309     c3.939,3.941,3.939,10.353,0,14.293C101.608,48.726,99.071,49.777,96.371,49.777z M96.371,35.508     c-1.111,0-2.157,0.434-2.943,1.22c-0.785,0.786-1.218,1.831-1.218,2.942s0.433,2.156,1.218,2.942     c0.786,0.786,1.832,1.219,2.943,1.219c1.11,0,2.157-0.433,2.942-1.219c1.623-1.623,1.623-4.263,0-5.885     c-0.422-0.422-0.916-0.742-1.468-0.951C97.375,35.599,96.879,35.508,96.371,35.508z\"><\/path><\/g><g><path d=\"M69.132,54.325c-0.58,0-1.165-0.169-1.681-0.523c-1.352-0.931-1.696-2.781-0.766-4.134     c8.206-11.94,17.706-18.739,28.235-20.208c14.351-2,25.125,6.756,25.575,7.13c1.266,1.047,1.441,2.921,0.394,4.186     c-1.044,1.263-2.913,1.44-4.179,0.399l0,0c-0.091-0.075-9.304-7.489-21.038-5.817c-8.781,1.25-16.886,7.197-24.086,17.677     C71.01,53.874,70.078,54.325,69.132,54.325z\"><\/path><\/g><\/g><\/g><\/svg>\t\t\t\t\t\t<\/span>\n\t\t\t\t\t\t\t\t\t\t<span class=\"elementor-icon-list-text\">Snacks avec des sp\u00e9cialit\u00e9s locales <\/span>\n\t\t\t\t\t\t\t\t\t<\/li>\n\t\t\t\t\t\t\t\t<li class=\"elementor-icon-list-item\">\n\t\t\t\t\t\t\t\t\t\t\t<span class=\"elementor-icon-list-icon\">\n\t\t\t\t\t\t\t<svg xmlns=\"http:\/\/www.w3.org\/2000\/svg\" width=\"800px\" height=\"800px\" viewbox=\"0 0 32 32\" fill=\"none\"><path d=\"M11 30.9998H25M18 30.9998V17.9998L29 6.99981H7L16 15.9998M12.2051 4.01351C11.1701 2.21251 9.2261 0.999512 7.0001 0.999512C3.6861 0.999512 1.0001 3.68651 1.0001 6.99951C1.0001 10.3135 3.6861 12.9995 7.0001 12.9995C8.6561 12.9995 10.1561 12.3275 11.2421 11.2425M29 0.999812L23 6.99981\" stroke=\"#000000\" stroke-width=\"2\" stroke-linecap=\"round\" stroke-linejoin=\"round\"><\/path><\/svg>\t\t\t\t\t\t<\/span>\n\t\t\t\t\t\t\t\t\t\t<span class=\"elementor-icon-list-text\">Jus, boissons gazeuses, eau, bi\u00e8res et vin<\/span>\n\t\t\t\t\t\t\t\t\t<\/li>\n\t\t\t\t\t\t\t\t<li class=\"elementor-icon-list-item\">\n\t\t\t\t\t\t\t\t\t\t\t<span class=\"elementor-icon-list-icon\">\n\t\t\t\t\t\t\t<svg xmlns=\"http:\/\/www.w3.org\/2000\/svg\" xmlns:xlink=\"http:\/\/www.w3.org\/1999\/xlink\" fill=\"#000000\" height=\"800px\" width=\"800px\" id=\"Layer_1\" viewbox=\"0 0 476 476\" xml:space=\"preserve\"><g>\t<g>\t\t<g>\t\t\t<path d=\"M428.7,1h-0.4c-15.329,0-27.8,12.471-27.8,27.8v315.01c0,28.778-23.412,52.19-52.19,52.19h-59.62    c-28.778,0-52.19-23.412-52.19-52.19v-2.844c20.521-0.707,37-17.61,37-38.3V298c0-4.418-3.582-8-8-8h-110c-4.419,0-8,3.582-8,8    v4.667c0,19.327,14.38,35.35,33,37.954v3.189c0,59.656,48.534,108.19,108.19,108.19h59.62c59.656,0,108.19-48.534,108.19-108.19    V28.8C456.5,13.471,444.029,1,428.7,1z M185.833,325c-11.182,0-20.471-8.261-22.085-19h93.504c-1.614,10.739-10.903,19-22.086,19    H228.5h-40H185.833z M440.5,343.81c0,50.833-41.356,92.19-92.19,92.19h-59.62c-50.834,0-92.19-41.356-92.19-92.19V341h24v2.81    c0,37.6,30.59,68.19,68.19,68.19h59.62c37.6,0,68.19-30.59,68.19-68.19V28.8c0-6.506,5.293-11.8,11.8-11.8h0.4    c6.506,0,11.8,5.294,11.8,11.8V343.81z\"><\/path>\t\t\t<path d=\"M125.5,354c0-15.991-13.009-29-29-29c-15.991,0-29,13.009-29,29c0,15.991,13.009,29,29,29    C112.491,383,125.5,369.991,125.5,354z M96.5,367c-7.169,0-13-5.831-13-13c0-7.168,5.831-13,13-13s13,5.832,13,13    C109.5,361.169,103.669,367,96.5,367z\"><\/path>\t\t\t<path d=\"M142.5,390c-23.71,0-43,19.29-43,43c0,23.71,19.29,43,43,43s43-19.29,43-43C185.5,409.29,166.21,390,142.5,390z     M142.5,460c-14.888,0-27-12.112-27-27s12.112-27,27-27s27,12.112,27,27S157.388,460,142.5,460z\"><\/path>\t\t\t<path d=\"M327.5,220c16.542,0,30-13.458,30-30s-13.458-30-30-30s-30,13.458-30,30S310.958,220,327.5,220z M327.5,176    c7.72,0,14,6.28,14,14c0,7.72-6.28,14-14,14c-7.72,0-14-6.28-14-14C313.5,182.28,319.78,176,327.5,176z\"><\/path>\t\t\t<path d=\"M115.55,283c34.435,0,62.45-28.015,62.45-62.45v-0.85c0-11.965,9.735-21.7,21.7-21.7h0.6c11.965,0,21.7,9.735,21.7,21.7    v0.85c0,34.435,28.015,62.45,62.45,62.45h0.478c2.651,16.972,17.368,30,35.072,30c19.575,0,35.5-15.925,35.5-35.5    c0-3.143-0.415-6.19-1.186-9.094c15.932-12.52,26.186-31.952,26.186-53.74V140.5v-40c0-4.418-3.582-8-8-8h-345    c-4.419,0-8,3.582-8,8v40v74.167C19.5,252.346,50.154,283,87.834,283H115.55z M320,297c-10.752,0-19.5-8.748-19.5-19.5    S309.248,258,320,258s19.5,8.748,19.5,19.5S330.752,297,320,297z M35.5,108.5h329v24h-329V108.5z M35.658,218.529    c-0.094-1.277-0.158-2.562-0.158-3.862V148.5h70.187L35.658,218.529z M40.298,236.516l88.016-88.016h17.373l-98.756,98.756    C44.31,243.973,42.077,240.371,40.298,236.516z M168.314,148.5H364.5v66.167c0,15.68-6.939,29.763-17.901,39.36    C340.09,246.659,330.581,242,320,242c-15.921,0-29.427,10.535-33.914,25h-1.636c-25.613,0-46.45-20.837-46.45-46.45v-0.85    c0-20.788-16.912-37.7-37.7-37.7h-0.6c-20.788,0-37.7,16.912-37.7,37.7v0.85c0,25.613-20.837,46.45-46.45,46.45H87.834    c-10.777,0-20.803-3.277-29.137-8.883L168.314,148.5z\"><\/path>\t\t\t<path d=\"M170.5,76c20.953,0,38-17.047,38-38s-17.047-38-38-38s-38,17.047-38,38S149.547,76,170.5,76z M170.5,16    c12.131,0,22,9.869,22,22s-9.869,22-22,22s-22-9.869-22-22S158.369,16,170.5,16z\"><\/path>\t\t<\/g>\t<\/g><\/g><\/svg>\t\t\t\t\t\t<\/span>\n\t\t\t\t\t\t\t\t\t\t<span class=\"elementor-icon-list-text\">\u00c9quipement de plong\u00e9e avec tuba (masques, tubas et palmes)<\/span>\n\t\t\t\t\t\t\t\t\t<\/li>\n\t\t\t\t\t\t<\/ul>\n\t\t\t\t\t\t<\/div>\n\t\t\t\t<\/div>\n\t\t\t\t<div class=\"elementor-element elementor-element-2222543 elementor-widget elementor-widget-text-editor\" data-id=\"2222543\" data-element_type=\"widget\" data-e-type=\"widget\" data-widget_type=\"text-editor.default\">\n\t\t\t\t<div class=\"elementor-widget-container\">\n\t\t\t\t\t\t\t\t\t<p>En quittant le port d\u2019Adamas, nous naviguerons vers la sortie de la baie de Milos et nous nous baignerons sur la plage d\u2019Agios Dimitrios. Apr\u00e8s cela, vous profiterez du coucher de soleil devant les villages de p\u00eacheurs et leurs maisons typiques et color\u00e9es appel\u00e9es Sirmata, telles que Areti, Klima ou Skinopi, tandis que nous vous servirons un plateau de sp\u00e9cialit\u00e9s grecque et un verre de vin.<\/p>\t\t\t\t\t\t\t\t<\/div>\n\t\t\t\t<\/div>\n\t\t\t\t\t<\/div>\n\t\t<\/div>\n\t\t\t\t<div class=\"elementor-column elementor-col-33 elementor-top-column elementor-element elementor-element-fe4f9a5\" data-id=\"fe4f9a5\" data-element_type=\"column\" data-e-type=\"column\">\n\t\t\t<div class=\"elementor-widget-wrap\">\n\t\t\t\t\t\t\t<\/div>\n\t\t<\/div>\n\t\t\t\t\t<\/div>\n\t\t<\/section>\n\t\t\t\t<section class=\"elementor-section elementor-top-section elementor-element elementor-element-8778623 elementor-section-boxed elementor-section-height-default elementor-section-height-default wpr-particle-no wpr-jarallax-no wpr-parallax-no wpr-sticky-section-no wpr-equal-height-no\" data-id=\"8778623\" data-element_type=\"section\" data-e-type=\"section\">\n\t\t\t\t\t\t<div class=\"elementor-container elementor-column-gap-default\">\n\t\t\t\t\t<div class=\"elementor-column elementor-col-50 elementor-top-column elementor-element elementor-element-fd8355c\" data-id=\"fd8355c\" data-element_type=\"column\" data-e-type=\"column\">\n\t\t\t<div class=\"elementor-widget-wrap elementor-element-populated\">\n\t\t\t\t\t\t<div class=\"elementor-element elementor-element-540d97d elementor-invisible elementor-widget elementor-widget-image\" data-id=\"540d97d\" data-element_type=\"widget\" data-e-type=\"widget\" data-settings=\"{&quot;_animation&quot;:&quot;slideInLeft&quot;}\" data-widget_type=\"image.default\">\n\t\t\t\t<div class=\"elementor-widget-container\">\n\t\t\t\t\t\t\t\t\t\t\t\t\t\t\t<img fetchpriority=\"high\" decoding=\"async\" width=\"800\" height=\"1000\" src=\"https:\/\/arkmilos.com\/wp-content\/uploads\/2023\/02\/Sunset-2.jpg\" class=\"attachment-large size-large wp-image-6780\" alt=\"\" srcset=\"https:\/\/arkmilos.com\/wp-content\/uploads\/2023\/02\/Sunset-2.jpg 800w, https:\/\/arkmilos.com\/wp-content\/uploads\/2023\/02\/Sunset-2-240x300.jpg 240w, https:\/\/arkmilos.com\/wp-content\/uploads\/2023\/02\/Sunset-2-768x960.jpg 768w, https:\/\/arkmilos.com\/wp-content\/uploads\/2023\/02\/Sunset-2-10x12.jpg 10w\" sizes=\"(max-width: 800px) 100vw, 800px\" \/>\t\t\t\t\t\t\t\t\t\t\t\t\t\t\t<\/div>\n\t\t\t\t<\/div>\n\t\t\t\t\t<\/div>\n\t\t<\/div>\n\t\t\t\t<div class=\"elementor-column elementor-col-50 elementor-top-column elementor-element elementor-element-4eaa15e\" data-id=\"4eaa15e\" data-element_type=\"column\" data-e-type=\"column\">\n\t\t\t<div class=\"elementor-widget-wrap elementor-element-populated\">\n\t\t\t\t\t\t<div class=\"elementor-element elementor-element-b782c24 elementor-invisible elementor-widget elementor-widget-image\" data-id=\"b782c24\" data-element_type=\"widget\" data-e-type=\"widget\" data-settings=\"{&quot;_animation&quot;:&quot;slideInRight&quot;}\" data-widget_type=\"image.default\">\n\t\t\t\t<div class=\"elementor-widget-container\">\n\t\t\t\t\t\t\t\t\t\t\t\t\t\t\t<img decoding=\"async\" width=\"800\" height=\"1000\" src=\"https:\/\/arkmilos.com\/wp-content\/uploads\/2023\/02\/Sunset-1.jpg\" class=\"attachment-large size-large wp-image-6779\" alt=\"\" srcset=\"https:\/\/arkmilos.com\/wp-content\/uploads\/2023\/02\/Sunset-1.jpg 800w, https:\/\/arkmilos.com\/wp-content\/uploads\/2023\/02\/Sunset-1-240x300.jpg 240w, https:\/\/arkmilos.com\/wp-content\/uploads\/2023\/02\/Sunset-1-768x960.jpg 768w, https:\/\/arkmilos.com\/wp-content\/uploads\/2023\/02\/Sunset-1-10x12.jpg 10w\" sizes=\"(max-width: 800px) 100vw, 800px\" \/>\t\t\t\t\t\t\t\t\t\t\t\t\t\t\t<\/div>\n\t\t\t\t<\/div>\n\t\t\t\t\t<\/div>\n\t\t<\/div>\n\t\t\t\t\t<\/div>\n\t\t<\/section>\n\t\t\t\t<section class=\"elementor-section elementor-top-section elementor-element elementor-element-1e68df7 elementor-section-boxed elementor-section-height-default elementor-section-height-default wpr-particle-no wpr-jarallax-no wpr-parallax-no wpr-sticky-section-no wpr-equal-height-no\" data-id=\"1e68df7\" data-element_type=\"section\" data-e-type=\"section\" data-settings=\"{&quot;background_background&quot;:&quot;classic&quot;}\">\n\t\t\t\t\t\t<div class=\"elementor-container elementor-column-gap-default\">\n\t\t\t\t\t<div class=\"elementor-column elementor-col-100 elementor-top-column elementor-element elementor-element-b0ea4b3\" data-id=\"b0ea4b3\" data-element_type=\"column\" data-e-type=\"column\">\n\t\t\t<div class=\"elementor-widget-wrap elementor-element-populated\">\n\t\t\t\t\t\t<div class=\"elementor-element elementor-element-3ede192 elementor-widget elementor-widget-heading\" data-id=\"3ede192\" data-element_type=\"widget\" data-e-type=\"widget\" data-widget_type=\"heading.default\">\n\t\t\t\t<div class=\"elementor-widget-container\">\n\t\t\t\t\t<h4 class=\"elementor-heading-title elementor-size-default\">Contactez-nous pour organiser ensemble ce service sp\u00e9cial!<\/h4>\t\t\t\t<\/div>\n\t\t\t\t<\/div>\n\t\t\t\t<section class=\"elementor-section elementor-inner-section elementor-element elementor-element-e7e6759 elementor-section-full_width elementor-section-height-default elementor-section-height-default wpr-particle-no wpr-jarallax-no wpr-parallax-no wpr-sticky-section-no wpr-equal-height-no\" data-id=\"e7e6759\" data-element_type=\"section\" data-e-type=\"section\">\n\t\t\t\t\t\t<div class=\"elementor-container elementor-column-gap-no\">\n\t\t\t\t\t<div class=\"elementor-column elementor-col-100 elementor-inner-column elementor-element elementor-element-f996d81\" data-id=\"f996d81\" data-element_type=\"column\" data-e-type=\"column\">\n\t\t\t<div class=\"elementor-widget-wrap elementor-element-populated\">\n\t\t\t\t\t\t<div class=\"elementor-element elementor-element-07a8f63 elementor-widget elementor-widget-shortcode\" data-id=\"07a8f63\" data-element_type=\"widget\" data-e-type=\"widget\" data-widget_type=\"shortcode.default\">\n\t\t\t\t<div class=\"elementor-widget-container\">\n\t\t\t\t\t\t\t<div class=\"elementor-shortcode\">\n<div class=\"wpcf7 no-js\" id=\"wpcf7-f1099-o1\" lang=\"en-US\" dir=\"ltr\" data-wpcf7-id=\"1099\">\n<div class=\"screen-reader-response\"><p role=\"status\" aria-live=\"polite\" aria-atomic=\"true\"><\/p> <ul><\/ul><\/div>\n<form action=\"\/fr\/wp-json\/wp\/v2\/pages\/6008#wpcf7-f1099-o1\" method=\"post\" class=\"wpcf7-form init\" aria-label=\"Contact form\" novalidate=\"novalidate\" data-status=\"init\" data-trp-original-action=\"\/fr\/wp-json\/wp\/v2\/pages\/6008#wpcf7-f1099-o1\">\n<fieldset class=\"hidden-fields-container\"><input type=\"hidden\" name=\"_wpcf7\" value=\"1099\" \/><input type=\"hidden\" name=\"_wpcf7_version\" value=\"6.1.5\" \/><input type=\"hidden\" name=\"_wpcf7_locale\" value=\"en_US\" \/><input type=\"hidden\" name=\"_wpcf7_unit_tag\" value=\"wpcf7-f1099-o1\" \/><input type=\"hidden\" name=\"_wpcf7_container_post\" value=\"0\" \/><input type=\"hidden\" name=\"_wpcf7_posted_data_hash\" value=\"\" \/><input type=\"hidden\" name=\"_wpcf7_recaptcha_response\" value=\"\" \/>\n<\/fieldset>\n<div class=\"ova-wpcf7 ova-service-form\">\n\t<div class=\"ova-text-email\">\n\t\t<div class=\"ova-text\">\n\t\t\t<p><span class=\"wpcf7-form-control-wrap\" data-name=\"your-name\"><input size=\"40\" maxlength=\"400\" class=\"wpcf7-form-control wpcf7-text wpcf7-validates-as-required name\" aria-required=\"true\" aria-invalid=\"false\" placeholder=\"Nom*\" value=\"\" type=\"text\" name=\"your-name\" \/><\/span>\n\t\t\t<\/p>\n\t\t<\/div>\n\t\t<div class=\"ova-email\">\n\t\t\t<p><span class=\"wpcf7-form-control-wrap\" data-name=\"your-email\"><input size=\"40\" maxlength=\"400\" class=\"wpcf7-form-control wpcf7-email wpcf7-validates-as-required wpcf7-text wpcf7-validates-as-email email\" aria-required=\"true\" aria-invalid=\"false\" placeholder=\"Email *\" value=\"\" type=\"email\" name=\"your-email\" \/><\/span>\n\t\t\t<\/p>\n\t\t<\/div>\n\t<\/div>\n\t<div class=\"ova-textarea\">\n\t\t<p><span class=\"wpcf7-form-control-wrap\" data-name=\"your-message\"><textarea cols=\"40\" rows=\"10\" maxlength=\"2000\" class=\"wpcf7-form-control wpcf7-textarea message\" aria-invalid=\"false\" placeholder=\"R\u00e9digez votre message\" name=\"your-message\"><\/textarea><\/span>\n\t\t<\/p>\n\t<\/div>\n\t<div class=\"ova-submit\">\n\t\t<p><button type=\"submit\" class=\"wpcf7-form-control has-spinner wpcf7-submit\"><span>Envoyer un message<\/span><i class=\"icomoon icomoon-long-arrow-right\"><\/i><\/button>\n\t\t<\/p>\n\t<\/div>\n<\/div><div class=\"wpcf7-response-output\" aria-hidden=\"true\"><\/div>\n<input type=\"hidden\" name=\"trp-form-language\" value=\"fr\"\/><\/form>\n<\/div>\n<\/div>\n\t\t\t\t\t\t<\/div>\n\t\t\t\t<\/div>\n\t\t\t\t\t<\/div>\n\t\t<\/div>\n\t\t\t\t\t<\/div>\n\t\t<\/section>\n\t\t\t\t\t<\/div>\n\t\t<\/div>\n\t\t\t\t\t<\/div>\n\t\t<\/section>\n\t\t\t\t<\/div>","protected":false},"excerpt":{"rendered":"<p>Sunset Cruise Are you spending your honeymoon or your wedding anniversary in Milos and want to surprise your other half with a magical and romantic moment? Privatize \u201cLa Pomme Bleue\u201d for a few hours to enjoy an unforgettable sunset inside the bay of Milos. See the sun slowly dive into the Aegean Sea from the deck of our sailboat. General info: Meeting time: 19:30 Meeting point: In front of Kinigos restaurant, at Adamas Port Duration: 3 hours Couples or small groups of 10 people maximum &nbsp; Package Includes: &nbsp; Snacks with local specialties Juice, soft drinks, water, beers and wine Snorkelling equipment (masks, snorkels and fins) Leaving the port of Adamas, we will sail towards the exit of the bay of Milos and take a swim at the beach of Agios Dimitrios. After that, you will enjoy the sunset in front of the fishermen\u2019s villages and their typical and colourful houses called Sirmata, such as Areti, Klima or Skinopi, while we serve you a platter of Greek finger food and a glass of wine. Contact us to arrange together this special service!<\/p>","protected":false},"author":1,"featured_media":0,"parent":0,"menu_order":0,"comment_status":"closed","ping_status":"closed","template":"elementor_header_footer","meta":{"_monsterinsights_skip_tracking":false,"_monsterinsights_sitenote_active":false,"_monsterinsights_sitenote_note":"","_monsterinsights_sitenote_category":0,"footnotes":""},"class_list":["post-6008","page","type-page","status-publish","hentry"],"aioseo_notices":[],"_links":{"self":[{"href":"https:\/\/arkmilos.com\/fr\/wp-json\/wp\/v2\/pages\/6008","targetHints":{"allow":["GET"]}}],"collection":[{"href":"https:\/\/arkmilos.com\/fr\/wp-json\/wp\/v2\/pages"}],"about":[{"href":"https:\/\/arkmilos.com\/fr\/wp-json\/wp\/v2\/types\/page"}],"author":[{"embeddable":true,"href":"https:\/\/arkmilos.com\/fr\/wp-json\/wp\/v2\/users\/1"}],"replies":[{"embeddable":true,"href":"https:\/\/arkmilos.com\/fr\/wp-json\/wp\/v2\/comments?post=6008"}],"version-history":[{"count":79,"href":"https:\/\/arkmilos.com\/fr\/wp-json\/wp\/v2\/pages\/6008\/revisions"}],"predecessor-version":[{"id":7615,"href":"https:\/\/arkmilos.com\/fr\/wp-json\/wp\/v2\/pages\/6008\/revisions\/7615"}],"wp:attachment":[{"href":"https:\/\/arkmilos.com\/fr\/wp-json\/wp\/v2\/media?parent=6008"}],"curies":[{"name":"wp","href":"https:\/\/api.w.org\/{rel}","templated":true}]}}