{"id":533,"date":"2022-04-13T05:02:50","date_gmt":"2022-04-13T05:02:50","guid":{"rendered":"https:\/\/demo.ovatheme.com\/yachbat\/?page_id=533"},"modified":"2023-04-03T16:21:41","modified_gmt":"2023-04-03T13:21:41","slug":"about-us","status":"publish","type":"page","link":"https:\/\/arkmilos.com\/fr\/about-us\/","title":{"rendered":"A propos de nous"},"content":{"rendered":"<div data-elementor-type=\"wp-page\" data-elementor-id=\"533\" class=\"elementor elementor-533\" data-elementor-post-type=\"page\">\n\t\t\t\t\t\t<section class=\"elementor-section elementor-top-section elementor-element elementor-element-5073021 elementor-hidden-desktop elementor-hidden-tablet elementor-hidden-mobile elementor-section-boxed elementor-section-height-default elementor-section-height-default wpr-particle-no wpr-jarallax-no wpr-parallax-no wpr-sticky-section-no wpr-equal-height-no\" data-id=\"5073021\" data-element_type=\"section\" data-e-type=\"section\">\n\t\t\t\t\t\t<div class=\"elementor-container elementor-column-gap-no\">\n\t\t\t\t\t<div class=\"elementor-column elementor-col-100 elementor-top-column elementor-element elementor-element-11a8c22\" data-id=\"11a8c22\" data-element_type=\"column\" data-e-type=\"column\">\n\t\t\t<div class=\"elementor-widget-wrap\">\n\t\t\t\t\t\t\t<\/div>\n\t\t<\/div>\n\t\t\t\t\t<\/div>\n\t\t<\/section>\n\t\t\t\t<section class=\"elementor-section elementor-top-section elementor-element elementor-element-1e4475d elementor-section-boxed elementor-section-height-default elementor-section-height-default wpr-particle-no wpr-jarallax-no wpr-parallax-no wpr-sticky-section-no wpr-equal-height-no\" data-id=\"1e4475d\" data-element_type=\"section\" data-e-type=\"section\" data-settings=\"{&quot;background_background&quot;:&quot;classic&quot;}\">\n\t\t\t\t\t\t<div class=\"elementor-container elementor-column-gap-default\">\n\t\t\t\t\t<div class=\"elementor-column elementor-col-100 elementor-top-column elementor-element elementor-element-d0ad29d\" data-id=\"d0ad29d\" data-element_type=\"column\" data-e-type=\"column\">\n\t\t\t<div class=\"elementor-widget-wrap\">\n\t\t\t\t\t\t\t<\/div>\n\t\t<\/div>\n\t\t\t\t\t<\/div>\n\t\t<\/section>\n\t\t\t\t<section class=\"elementor-section elementor-top-section elementor-element elementor-element-54bb3ec elementor-section-content-middle elementor-section-boxed elementor-section-height-default elementor-section-height-default wpr-particle-no wpr-jarallax-no wpr-parallax-no wpr-sticky-section-no wpr-equal-height-no\" data-id=\"54bb3ec\" data-element_type=\"section\" data-e-type=\"section\">\n\t\t\t\t\t\t<div class=\"elementor-container elementor-column-gap-no\">\n\t\t\t\t\t<div class=\"elementor-column elementor-col-50 elementor-top-column elementor-element elementor-element-fabb7a5\" data-id=\"fabb7a5\" data-element_type=\"column\" data-e-type=\"column\">\n\t\t\t<div class=\"elementor-widget-wrap elementor-element-populated\">\n\t\t\t\t\t\t<div class=\"elementor-element elementor-element-ae0d9cd elementor-widget elementor-widget-yachbat_elementor_heading\" data-id=\"ae0d9cd\" data-element_type=\"widget\" data-e-type=\"widget\" data-widget_type=\"yachbat_elementor_heading.default\">\n\t\t\t\t<div class=\"elementor-widget-container\">\n\t\t\t\t\t\n\t\t\t<div class=\"ova-title\">\n\t\t\t\t<h3 class=\"sub-title\">A propos de nous<\/h3>\n\t\t\t\t\t\t\t\t\t\t<h2 class=\"title\">\n\t\t\t\t\t\t\t\t\t\t\t\t\t<\/h2>\n\n\t\t\t    \n\t\t\t<\/div> \n\n\t\t\t\t\t\t<\/div>\n\t\t\t\t<\/div>\n\t\t\t\t<div class=\"elementor-element elementor-element-3fec203 elementor-widget elementor-widget-text-editor\" data-id=\"3fec203\" data-element_type=\"widget\" data-e-type=\"widget\" data-widget_type=\"text-editor.default\">\n\t\t\t\t<div class=\"elementor-widget-container\">\n\t\t\t\t\t\t\t\t\t<p>ARKsailing a \u00e9t\u00e9 fond\u00e9e en 2018, emmenant les passagers \u00e0 la journ\u00e9e, pour une d\u00e9couverte de la partie sauvage de Milos, sa partie Ouest. Marion et Nikolas ont rejoint l\u2019\u00e9quipe et sont maintenant propri\u00e9taires du voilier La Pomme Bleue.<\/p><p>Le couple franco-grec s\u2019est rencontr\u00e9 en vacances en 2014 et construit depuis une vie faite d\u2019aventures et de nouvelles exp\u00e9riences, ARKsailing \u00e9tant en t\u00eate de leur liste depuis quelques ann\u00e9es. Ils accordent tous deux la priorit\u00e9 au confort, \u00e0 la s\u00e9curit\u00e9 et au plaisir de leurs invit\u00e9s, en veillant \u00e0 ce que chacun ait sa dose d\u2019adr\u00e9naline et de d\u00e9tente \u00e0 bord, et ce toujours avec le ventre plein. Proposer une croisi\u00e8re d\u2019une journ\u00e9e \u00e0 laquelle ils souhaiteraient \u00e0 participer eux-m\u00eames, si c\u2019\u00e9tait eux qui montaient \u00e0 bord, avec un m\u00e9lange de paysages \u00e9poustouflant, de plages hors des sentiers battus, un bon repas rempli de plats locaux et d\u2019activit\u00e9s qui en font une journ\u00e9e inoubliable \u00e9tait leur objectif lorsqu\u2019ils ont repris ARKsailing.<\/p><p>Rejoignez-les dans une telle aventure, naviguez le long de la magnifique c\u00f4te Ouest de l\u2019\u00eele, et faites partie de la petite famille de La Pomme Bleue pour la journ\u00e9e!<\/p>\t\t\t\t\t\t\t\t<\/div>\n\t\t\t\t<\/div>\n\t\t\t\t\t<\/div>\n\t\t<\/div>\n\t\t\t\t<div class=\"elementor-column elementor-col-50 elementor-top-column elementor-element elementor-element-706a4b5\" data-id=\"706a4b5\" data-element_type=\"column\" data-e-type=\"column\" data-settings=\"{&quot;background_background&quot;:&quot;classic&quot;}\">\n\t\t\t<div class=\"elementor-widget-wrap elementor-element-populated\">\n\t\t\t\t\t\t<div class=\"elementor-element elementor-element-538273b elementor-widget elementor-widget-image\" data-id=\"538273b\" data-element_type=\"widget\" data-e-type=\"widget\" data-widget_type=\"image.default\">\n\t\t\t\t<div class=\"elementor-widget-container\">\n\t\t\t\t\t\t\t\t\t\t\t\t\t\t\t<img fetchpriority=\"high\" decoding=\"async\" width=\"700\" height=\"750\" src=\"https:\/\/arkmilos.com\/wp-content\/uploads\/2023\/01\/About-us-scaled-1.jpg\" class=\"attachment-large size-large wp-image-6579\" alt=\"\" srcset=\"https:\/\/arkmilos.com\/wp-content\/uploads\/2023\/01\/About-us-scaled-1.jpg 700w, https:\/\/arkmilos.com\/wp-content\/uploads\/2023\/01\/About-us-scaled-1-280x300.jpg 280w\" sizes=\"(max-width: 700px) 100vw, 700px\" \/>\t\t\t\t\t\t\t\t\t\t\t\t\t\t\t<\/div>\n\t\t\t\t<\/div>\n\t\t\t\t\t<\/div>\n\t\t<\/div>\n\t\t\t\t\t<\/div>\n\t\t<\/section>\n\t\t\t\t<section class=\"elementor-section elementor-top-section elementor-element elementor-element-b9fc773 elementor-hidden-desktop elementor-hidden-tablet elementor-hidden-mobile elementor-section-boxed elementor-section-height-default elementor-section-height-default wpr-particle-no wpr-jarallax-no wpr-parallax-no wpr-sticky-section-no wpr-equal-height-no\" data-id=\"b9fc773\" data-element_type=\"section\" data-e-type=\"section\">\n\t\t\t\t\t\t<div class=\"elementor-container elementor-column-gap-no\">\n\t\t\t\t\t<div class=\"elementor-column elementor-col-33 elementor-top-column elementor-element elementor-element-7c4ce14 elementor-hidden-mobile\" data-id=\"7c4ce14\" data-element_type=\"column\" data-e-type=\"column\">\n\t\t\t<div class=\"elementor-widget-wrap elementor-element-populated\">\n\t\t\t\t\t\t<div class=\"elementor-element elementor-element-02f5c18 elementor-widget elementor-widget-image\" data-id=\"02f5c18\" data-element_type=\"widget\" data-e-type=\"widget\" data-widget_type=\"image.default\">\n\t\t\t\t<div class=\"elementor-widget-container\">\n\t\t\t\t\t\t\t\t\t\t\t\t\t\t\t<img decoding=\"async\" width=\"768\" height=\"1024\" src=\"https:\/\/arkmilos.com\/wp-content\/uploads\/2022\/12\/ark-sailing-milos-yacth-milos-17-768x1024.jpg\" class=\"attachment-large size-large wp-image-5764\" alt=\"\" srcset=\"https:\/\/arkmilos.com\/wp-content\/uploads\/2022\/12\/ark-sailing-milos-yacth-milos-17-768x1024.jpg 768w, https:\/\/arkmilos.com\/wp-content\/uploads\/2022\/12\/ark-sailing-milos-yacth-milos-17-225x300.jpg 225w, https:\/\/arkmilos.com\/wp-content\/uploads\/2022\/12\/ark-sailing-milos-yacth-milos-17-1152x1536.jpg 1152w, https:\/\/arkmilos.com\/wp-content\/uploads\/2022\/12\/ark-sailing-milos-yacth-milos-17.jpg 1536w\" sizes=\"(max-width: 768px) 100vw, 768px\" \/>\t\t\t\t\t\t\t\t\t\t\t\t\t\t\t<\/div>\n\t\t\t\t<\/div>\n\t\t\t\t\t<\/div>\n\t\t<\/div>\n\t\t\t\t<div class=\"elementor-column elementor-col-33 elementor-top-column elementor-element elementor-element-bc74798\" data-id=\"bc74798\" data-element_type=\"column\" data-e-type=\"column\">\n\t\t\t<div class=\"elementor-widget-wrap elementor-element-populated\">\n\t\t\t\t\t\t<div class=\"elementor-element elementor-element-9b23a24 elementor-widget elementor-widget-image\" data-id=\"9b23a24\" data-element_type=\"widget\" data-e-type=\"widget\" data-widget_type=\"image.default\">\n\t\t\t\t<div class=\"elementor-widget-container\">\n\t\t\t\t\t\t\t\t\t\t\t\t\t\t\t<img decoding=\"async\" width=\"800\" height=\"999\" src=\"https:\/\/arkmilos.com\/wp-content\/uploads\/2022\/12\/ark-sailing-milos-yacth-milos-15-820x1024.jpg\" class=\"attachment-large size-large wp-image-5762\" alt=\"\" srcset=\"https:\/\/arkmilos.com\/wp-content\/uploads\/2022\/12\/ark-sailing-milos-yacth-milos-15-820x1024.jpg 820w, https:\/\/arkmilos.com\/wp-content\/uploads\/2022\/12\/ark-sailing-milos-yacth-milos-15-240x300.jpg 240w, https:\/\/arkmilos.com\/wp-content\/uploads\/2022\/12\/ark-sailing-milos-yacth-milos-15-768x959.jpg 768w, https:\/\/arkmilos.com\/wp-content\/uploads\/2022\/12\/ark-sailing-milos-yacth-milos-15.jpg 867w\" sizes=\"(max-width: 800px) 100vw, 800px\" \/>\t\t\t\t\t\t\t\t\t\t\t\t\t\t\t<\/div>\n\t\t\t\t<\/div>\n\t\t\t\t\t<\/div>\n\t\t<\/div>\n\t\t\t\t<div class=\"elementor-column elementor-col-33 elementor-top-column elementor-element elementor-element-c46a0fc\" data-id=\"c46a0fc\" data-element_type=\"column\" data-e-type=\"column\">\n\t\t\t<div class=\"elementor-widget-wrap elementor-element-populated\">\n\t\t\t\t\t\t<div class=\"elementor-element elementor-element-e6d4c77 elementor-widget elementor-widget-yachbat_elementor_heading\" data-id=\"e6d4c77\" data-element_type=\"widget\" data-e-type=\"widget\" data-widget_type=\"yachbat_elementor_heading.default\">\n\t\t\t\t<div class=\"elementor-widget-container\">\n\t\t\t\t\t\n\t\t\t<div class=\"ova-title\">\n\t\t\t\t<h3 class=\"sub-title\">Why Choose Us<\/h3>\n\t\t\t\t\t\t\t\t\t\t<h2 class=\"title\">\n\t\t\t\t\t\t\t\t\t\t\t\t\t<\/h2>\n\n\t\t\t    \n\t\t\t<\/div> \n\n\t\t\t\t\t\t<\/div>\n\t\t\t\t<\/div>\n\t\t\t\t<div class=\"elementor-element elementor-element-b871373 elementor-widget elementor-widget-text-editor\" data-id=\"b871373\" data-element_type=\"widget\" data-e-type=\"widget\" data-widget_type=\"text-editor.default\">\n\t\t\t\t<div class=\"elementor-widget-container\">\n\t\t\t\t\t\t\t\t\t<p>By booking with ARKsailing you&#8217;ll also have the chance to taste home made food during the &#8220;Kleftiko&#8221; 2-hour stop as well as local wine, ouzo &amp; tsipouro.<\/p><p>Our friendly &amp; experienced crew will help you discover all the gorgeous landscapes as well as the secrets of the unexplored side of Milos.<\/p>\t\t\t\t\t\t\t\t<\/div>\n\t\t\t\t<\/div>\n\t\t\t\t\t<\/div>\n\t\t<\/div>\n\t\t\t\t\t<\/div>\n\t\t<\/section>\n\t\t\t\t<section class=\"elementor-section elementor-top-section elementor-element elementor-element-c9c0ef3 elementor-section-boxed elementor-section-height-default elementor-section-height-default wpr-particle-no wpr-jarallax-no wpr-parallax-no wpr-sticky-section-no wpr-equal-height-no\" data-id=\"c9c0ef3\" data-element_type=\"section\" data-e-type=\"section\">\n\t\t\t\t\t\t<div class=\"elementor-container elementor-column-gap-default\">\n\t\t\t\t\t<div class=\"elementor-column elementor-col-100 elementor-top-column elementor-element elementor-element-5e4d731\" data-id=\"5e4d731\" data-element_type=\"column\" data-e-type=\"column\">\n\t\t\t<div class=\"elementor-widget-wrap elementor-element-populated\">\n\t\t\t\t\t\t<div class=\"elementor-element elementor-element-3a66086 elementor-widget elementor-widget-yachbat_elementor_heading\" data-id=\"3a66086\" data-element_type=\"widget\" data-e-type=\"widget\" data-widget_type=\"yachbat_elementor_heading.default\">\n\t\t\t\t<div class=\"elementor-widget-container\">\n\t\t\t\t\t\n\t\t\t<div class=\"ova-title\">\n\t\t\t\t<h3 class=\"sub-title\"><\/h3>\n\t\t\t\t\t\t\t\t\t\t<h2 class=\"title\">\n\t\t\t\t\t\t\tNotre \u00e9quipe\t\t\t\t\t\t<\/h2>\n\n\t\t\t    \n\t\t\t<\/div> \n\n\t\t\t\t\t\t<\/div>\n\t\t\t\t<\/div>\n\t\t\t\t<section class=\"elementor-section elementor-inner-section elementor-element elementor-element-a6bd314 elementor-section-content-middle elementor-section-full_width elementor-section-height-default elementor-section-height-default wpr-particle-no wpr-jarallax-no wpr-parallax-no wpr-sticky-section-no wpr-equal-height-no\" data-id=\"a6bd314\" data-element_type=\"section\" data-e-type=\"section\">\n\t\t\t\t\t\t<div class=\"elementor-container elementor-column-gap-default\">\n\t\t\t\t\t<div class=\"elementor-column elementor-col-50 elementor-inner-column elementor-element elementor-element-f56026f\" data-id=\"f56026f\" data-element_type=\"column\" data-e-type=\"column\">\n\t\t\t<div class=\"elementor-widget-wrap elementor-element-populated\">\n\t\t\t\t\t\t<div class=\"elementor-element elementor-element-d7dec40 wpr-promo-box-style-cover elementor-widget elementor-widget-wpr-promo-box\" data-id=\"d7dec40\" data-element_type=\"widget\" data-e-type=\"widget\" data-widget_type=\"wpr-promo-box.default\">\n\t\t\t\t<div class=\"elementor-widget-container\">\n\t\t\t\t\t\n\t\t<div class=\"wpr-promo-box wpr-animation-wrap\">\n\n\t\t\t\t\t\t\t\n\t\t\t\t\t\t\t<div class=\"wpr-promo-box-image\">\n\t\t\t\t\t<div class=\"wpr-promo-box-bg-image wpr-bg-anim-zoom-in wpr-anim-timing-ease-default\" style=\"background-image:url(https:\/\/arkmilos.com\/wp-content\/uploads\/2023\/03\/Nikolas-scaled-1.jpg);\"><\/div>\n\t\t\t\t\t<div class=\"wpr-promo-box-bg-overlay wpr-border-anim-oscar\"><\/div>\n\t\t\t\t<\/div>\n\t\t\t\t\t\t\n\t\t\t<div class=\"wpr-promo-box-content\">\n\n\t\t\t\t\t\t\t\t<div class=\"wpr-promo-box-icon\">\n\t\t\t\t\t\t\t\t\t<\/div>\n\t\t\t\t\n\t\t\t\t<h3 class=\"wpr-promo-box-title\"><span>Nikolas<\/span><\/h3>\n\t\t\t\t\t\t\t\t\t<div class=\"wpr-promo-box-description\">\n\t\t\t\t\t\t<p><p class=\"hide\">Nikolas est n\u00e9 \u00e0 Ath\u00e8nes et a \u00e9t\u00e9 \u00e9lev\u00e9 avec des histoires et des l\u00e9gendes de la mer depuis qu\u2019il est tout petit. Chaque vacances \u00e9taient l'occasion de se rapprocher de la mer, soit sur l'\u00eele de Skyros avec ses oncles p\u00eacheurs, soit sur l'\u00eele de Salamine avec son grand-p\u00e8re, m\u00e9canicien sur des cargos. Musicien professionnel mais aventurier jusqu'\u00e0 la moelle, il s'est tourn\u00e9 vers la voile \u00e0 l'\u00e2ge adulte et est maintenant le capitaine de son propre voilier La Pomme Bleue o\u00f9 il combine son amour pour la musique et \u00e0 celui de la mer. \u00c0 bord, il vous emm\u00e8nera sur les plages et les baies les plus pittoresques de l'\u00eele, essayant toujours de vous trouver un endroit calme et priv\u00e9 pour nager, plonger et explorer. Il sera \u00e9galement celui qui vous montrera tous les coins cach\u00e9s de l'\u00eele et surtout de la baie pleine de magie de Kleftiko, qu'il conna\u00eet comme sa poche, tout en partageant sa connaissance de l'histoire de l'\u00eele et son amour pour ce lieu o\u00f9 il s'est install\u00e9 depuis plus de 20 ans.<\/p><\/p>\t\n\t\t\t\t\t<\/div>\t\t\t\t\t\t\n\t\t\t\t\n\t\t\t\t\t\t\t<\/div>\n\n\t\t\t\t\t<\/div>\n\n\t\t\t\t\t\t<\/div>\n\t\t\t\t<\/div>\n\t\t\t\t\t<\/div>\n\t\t<\/div>\n\t\t\t\t<div class=\"elementor-column elementor-col-50 elementor-inner-column elementor-element elementor-element-d7c2b39\" data-id=\"d7c2b39\" data-element_type=\"column\" data-e-type=\"column\">\n\t\t\t<div class=\"elementor-widget-wrap elementor-element-populated\">\n\t\t\t\t\t\t<div class=\"elementor-element elementor-element-8c26e01 wpr-promo-box-style-cover elementor-widget elementor-widget-wpr-promo-box\" data-id=\"8c26e01\" data-element_type=\"widget\" data-e-type=\"widget\" data-widget_type=\"wpr-promo-box.default\">\n\t\t\t\t<div class=\"elementor-widget-container\">\n\t\t\t\t\t\n\t\t<div class=\"wpr-promo-box wpr-animation-wrap\">\n\n\t\t\t\t\t\t\t\n\t\t\t\t\t\t\t<div class=\"wpr-promo-box-image\">\n\t\t\t\t\t<div class=\"wpr-promo-box-bg-image wpr-bg-anim-zoom-in wpr-anim-timing-ease-default\" style=\"background-image:url(https:\/\/arkmilos.com\/wp-content\/uploads\/2023\/01\/Marion.jpg);\"><\/div>\n\t\t\t\t\t<div class=\"wpr-promo-box-bg-overlay wpr-border-anim-oscar\"><\/div>\n\t\t\t\t<\/div>\n\t\t\t\t\t\t\n\t\t\t<div class=\"wpr-promo-box-content\">\n\n\t\t\t\t\t\t\t\t<div class=\"wpr-promo-box-icon\">\n\t\t\t\t\t\t\t\t\t<\/div>\n\t\t\t\t\n\t\t\t\t<h3 class=\"wpr-promo-box-title\"><span>Marion<\/span><\/h3>\n\t\t\t\t\t\t\t\t\t<div class=\"wpr-promo-box-description\">\n\t\t\t\t\t\t<p><p class=\"hide\">Marion est n\u00e9e en 1989 aux Sables d'Olonne en France et a grandi avec le Vend\u00e9e Globe et en r\u00eavant de faire un jour le tour du monde \u00e0 la voile \u00e0 son tour. La vie l'a amen\u00e9e \u00e0 Milos o\u00f9 elle vit maintenant depuis plus de 5 ans et la voile fait enfin partie de sa vie. Sur La Pomme Bleue, elle s'assurera que tout le monde soit \u00e0 l'aise, en s\u00e9curit\u00e9, bien nourri et hydrat\u00e9 et se fera un plaisir d\u2019apprendre l'histoire de chacun et de partager sa connaissance de l'\u00eele et des endroits incroyables que vous visiterez. Elle est \u00e9galement celle qui s'occupe des r\u00e9servations et votre premier contact en amont de la croisi\u00e8re, s'assurant que vous avez toutes les bonnes informations.<\/p><\/p>\t\n\t\t\t\t\t<\/div>\t\t\t\t\t\t\n\t\t\t\t\n\t\t\t\t\t\t\t<\/div>\n\n\t\t\t\t\t<\/div>\n\n\t\t\t\t\t\t<\/div>\n\t\t\t\t<\/div>\n\t\t\t\t\t<\/div>\n\t\t<\/div>\n\t\t\t\t\t<\/div>\n\t\t<\/section>\n\t\t\t\t\t<\/div>\n\t\t<\/div>\n\t\t\t\t\t<\/div>\n\t\t<\/section>\n\t\t\t\t<\/div>","protected":false},"excerpt":{"rendered":"<p>About Us ARKsailing was founded in 2018, taking guests on the secluded West side of Milos for a full day of fun and discovery. Marion and Nikolas joined the team and are now the owners of the sailboat La Pomme Bleue. The Franco-Greek couple met on holidays in 2014 and are since then building a life of adventure and new experiences, ARKsailing being on the top of that list for the past few years. They are both putting a priority to their guests comfort, safety and pleasure, making sure that everyone is having their dose of fun, adrenaline and relaxing time on board, always with a full belly. Coming up with a day cruise that they would be willing to take part in, if they were the ones travelling and joining the tour, with a mix of beautiful scenery, off the beaten track beaches, good food and activities that makes up for a day to remember was their goal when they took over ARKsailing. Join them in such a day, sailing on the West and beautiful part of the island, and be part of La Pomme Bleue\u2019s little family for the day! Why Choose Us By booking with ARKsailing you&#8217;ll also have the chance to taste home made food during the &#8220;Kleftiko&#8221; 2-hour stop as well as local wine, ouzo &amp; tsipouro. Our friendly &amp; experienced crew will help you discover all the gorgeous landscapes as well as the secrets of the unexplored side of Milos. Our Team Nikolas Nikolas was born in Athens and since he was a child, he was raised with stories and legends of the sea. Every single holiday was a chance to get back to it either on Skyros Island with his fishermen uncles or on Salamina island with his grandfather who was a mechanic on cargo boats. He is a professional musician but being adventurous to the bone, he turned to sailing as an adult and is now the captain of his own sailboat La Pomme Bleue where he combines his true love for music and the sea. On board, he will be taking you to the most picturesque beaches and bays of the island, always trying to find you a calm and private spot to swim, snorkel and explore. He will also be the one to show you all the hidden corners of the island and mostly of the magical bay of Kleftiko, which he knows like the back of his hand, all the while sharing his knowledge of the history of Milos Island and his love for the place, where he has settled now for more than 20 years. Marion Marion was born in 1989 in Les Sables d&#8217;Olonne in France and has grown up following the Vend\u00e9e Globe and dreaming of sailing around the globe one day as well. Life brought her to Milos where she lives now for more than 5 years and sailing finally became part of her life. On La Pomme Bleue, she will make sure that everybody is comfortable, safe, well fed and hydrated and will be happy to learn about everybody&#8217;s story and share her knowledge of the island and the amazing places you will visit. She is also the one dealing with the reservations and your first contact before the cruise, making sure that you have all the right information.<\/p>","protected":false},"author":1,"featured_media":0,"parent":0,"menu_order":0,"comment_status":"closed","ping_status":"closed","template":"elementor_header_footer","meta":{"_monsterinsights_skip_tracking":false,"_monsterinsights_sitenote_active":false,"_monsterinsights_sitenote_note":"","_monsterinsights_sitenote_category":0,"footnotes":""},"class_list":["post-533","page","type-page","status-publish","hentry"],"aioseo_notices":[],"_links":{"self":[{"href":"https:\/\/arkmilos.com\/fr\/wp-json\/wp\/v2\/pages\/533","targetHints":{"allow":["GET"]}}],"collection":[{"href":"https:\/\/arkmilos.com\/fr\/wp-json\/wp\/v2\/pages"}],"about":[{"href":"https:\/\/arkmilos.com\/fr\/wp-json\/wp\/v2\/types\/page"}],"author":[{"embeddable":true,"href":"https:\/\/arkmilos.com\/fr\/wp-json\/wp\/v2\/users\/1"}],"replies":[{"embeddable":true,"href":"https:\/\/arkmilos.com\/fr\/wp-json\/wp\/v2\/comments?post=533"}],"version-history":[{"count":98,"href":"https:\/\/arkmilos.com\/fr\/wp-json\/wp\/v2\/pages\/533\/revisions"}],"predecessor-version":[{"id":7603,"href":"https:\/\/arkmilos.com\/fr\/wp-json\/wp\/v2\/pages\/533\/revisions\/7603"}],"wp:attachment":[{"href":"https:\/\/arkmilos.com\/fr\/wp-json\/wp\/v2\/media?parent=533"}],"curies":[{"name":"wp","href":"https:\/\/api.w.org\/{rel}","templated":true}]}}